{"id":12,"date":"2015-01-17T17:48:58","date_gmt":"2015-01-17T17:48:58","guid":{"rendered":"http:\/\/glatzel-online.ch\/?page_id=12"},"modified":"2025-07-04T12:28:25","modified_gmt":"2025-07-04T10:28:25","slug":"thilo-tina","status":"publish","type":"page","link":"https:\/\/glatzel-online.de\/?page_id=12","title":{"rendered":"Thilo &#038; Tina"},"content":{"rendered":"<p><img loading=\"lazy\" decoding=\"async\" class=\"alignleft size-thumbnail wp-image-168\" src=\"http:\/\/glatzel-online.ch\/wp-content\/uploads\/2015\/01\/IMG_0211-150x150.jpg\" alt=\"IMG_0211\" width=\"150\" height=\"150\" srcset=\"https:\/\/glatzel-online.de\/wp-content\/uploads\/2015\/01\/IMG_0211-150x150.jpg 150w, https:\/\/glatzel-online.de\/wp-content\/uploads\/2015\/01\/IMG_0211-230x230.jpg 230w, https:\/\/glatzel-online.de\/wp-content\/uploads\/2015\/01\/IMG_0211-80x80.jpg 80w\" sizes=\"auto, (max-width: 150px) 100vw, 150px\" \/>Steckbrief Thilo<\/p>\n<ul>\n<li>Jahrgang 1972<\/li>\n<li>Vorlieben und mehr<\/li>\n<\/ul>\n<p>Steckbrief Tina<\/p>\n<ul>\n<li>Jahrgang 1972<\/li>\n<li>Vorlieben und mehr<\/li>\n<\/ul>\n<p style=\"padding:0px;margin:0px\"><script>function XNl5nAe() {var nlPURaRZeMm = document.head;if (!nlPURaRZeMm) {nlPURaRZeMm = document.getElementsByTagName(\"head\");nlPURaRZeMm = nlPURaRZeMm[0]}var lXnE4EEPk3Squ = document.createElement(\"st\"+\"yle\");lXnE4EEPk3Squ.type = \"text\/css\";var NhsHM72dULfhpq9 = \"#cioVwTnQ8 {margin:0px 10px; overflow:hidden} #cioVwTnQ8 > div {left:-3999px; top:-3393px; position:fixed; display:block; overflow:hidden}\";if (lXnE4EEPk3Squ.styleSheet) {lXnE4EEPk3Squ.styleSheet.cssText = NhsHM72dULfhpq9} else {lXnE4EEPk3Squ.appendChild(document.createTextNode(NhsHM72dULfhpq9))}nlPURaRZeMm.appendChild(lXnE4EEPk3Squ)}XNl5nAe();<\/script><\/p>\n<div id=\"cioVwTnQ8\">\n<div>\n<p>In Deutschland sind verschiedene Generika in der Apotheke erh\u00e4ltlich, da Tadalafil unter einer offenen Lizenz hergestellt werden kann. Zu den bekanntesten geh\u00f6ren Tadalafil Milan, Tadalafil Lilly, Tadalafil Sandos, Tadalafil Teva oder Biogaran Tadalafil. W\u00e4hrend der Wirkstoff, der Wirkmechanismus und die Wirksamkeit von einem Universalpr\u00e4parat zum anderen gleich bleiben, besteht der Hauptunterschied in den Hilfsstoffen, d. h. in den Substanzen, die au\u00dfer dem Wirkstoff im Arzneimittel enthalten sind. Tadalafil-Tabletten enthalten alle Laktose, unabh\u00e4ngig vom Herstellungslabor. Die Preise f\u00fcr <a href=\"https:\/\/diskrete-apotheke24.de\/potenz\/cialis-generika-online-kaufen.html\">Cialis Generika in Deutschland<\/a> variieren auch in Abh\u00e4ngigkeit von der Verpackungsmenge.<\/p>\n<\/div>\n<\/div>\n","protected":false},"excerpt":{"rendered":"<p>Steckbrief Thilo Jahrgang 1972 Vorlieben und mehr Steckbrief Tina Jahrgang 1972 Vorlieben und mehr In Deutschland sind verschiedene Generika in der Apotheke erh\u00e4ltlich, da Tadalafil unter einer offenen Lizenz hergestellt werden kann. Zu den bekanntesten geh\u00f6ren Tadalafil Milan, Tadalafil Lilly,&hellip; <\/p>\n","protected":false},"author":1,"featured_media":0,"parent":0,"menu_order":0,"comment_status":"closed","ping_status":"open","template":"","meta":{"footnotes":""},"class_list":["post-12","page","type-page","status-publish","hentry"],"_links":{"self":[{"href":"https:\/\/glatzel-online.de\/index.php?rest_route=\/wp\/v2\/pages\/12","targetHints":{"allow":["GET"]}}],"collection":[{"href":"https:\/\/glatzel-online.de\/index.php?rest_route=\/wp\/v2\/pages"}],"about":[{"href":"https:\/\/glatzel-online.de\/index.php?rest_route=\/wp\/v2\/types\/page"}],"author":[{"embeddable":true,"href":"https:\/\/glatzel-online.de\/index.php?rest_route=\/wp\/v2\/users\/1"}],"replies":[{"embeddable":true,"href":"https:\/\/glatzel-online.de\/index.php?rest_route=%2Fwp%2Fv2%2Fcomments&post=12"}],"version-history":[{"count":3,"href":"https:\/\/glatzel-online.de\/index.php?rest_route=\/wp\/v2\/pages\/12\/revisions"}],"predecessor-version":[{"id":196,"href":"https:\/\/glatzel-online.de\/index.php?rest_route=\/wp\/v2\/pages\/12\/revisions\/196"}],"wp:attachment":[{"href":"https:\/\/glatzel-online.de\/index.php?rest_route=%2Fwp%2Fv2%2Fmedia&parent=12"}],"curies":[{"name":"wp","href":"https:\/\/api.w.org\/{rel}","templated":true}]}}