{"id":18,"date":"2015-01-17T17:49:48","date_gmt":"2015-01-17T17:49:48","guid":{"rendered":"http:\/\/glatzel-online.ch\/?page_id=18"},"modified":"2023-12-17T11:06:53","modified_gmt":"2023-12-17T10:06:53","slug":"bernhard-pea","status":"publish","type":"page","link":"https:\/\/glatzel-online.de\/?page_id=18","title":{"rendered":"Bernhard &#038; Pea"},"content":{"rendered":"<p><img loading=\"lazy\" decoding=\"async\" class=\"alignleft size-thumbnail wp-image-133\" src=\"http:\/\/glatzel-online.ch\/wp-content\/uploads\/2015\/01\/Portrait_Bernhard_2015-150x150.png\" alt=\"Portrait_Bernhard_2015\" width=\"150\" height=\"150\" srcset=\"https:\/\/glatzel-online.de\/wp-content\/uploads\/2015\/01\/Portrait_Bernhard_2015-150x150.png 150w, https:\/\/glatzel-online.de\/wp-content\/uploads\/2015\/01\/Portrait_Bernhard_2015-230x230.png 230w, https:\/\/glatzel-online.de\/wp-content\/uploads\/2015\/01\/Portrait_Bernhard_2015-80x80.png 80w\" sizes=\"auto, (max-width: 150px) 100vw, 150px\" \/><strong>Steckbrief Bernhard<\/strong><\/p>\n<ul>\n<li>Jahrgang 1979<\/li>\n<li>Wirtschaftsingenieur (Dipl.-Ing.) Technische Universit\u00e4t Berlin 2013\n<ul>\n<li>Diplomarbeit: <a href=\"http:\/\/www.grin.com\/de\/e-book\/284246\/schlanke-prinzipien-und-methoden-im-anlaufmanagement\" target=\"_blank\" rel=\"noopener\">Schlanke Prinzipien und Methoden im Anlaufmanagement<\/a><\/li>\n<\/ul>\n<\/li>\n<li><a title=\"https:\/\/www.xing.com\/profile\/Bernhard_Glatzel\" href=\"https:\/\/www.xing.com\/profile\/Bernhard_Glatzel\" target=\"_blank\" rel=\"noopener\">Xing<\/a> | <a title=\"https:\/\/www.linkedin.com\/pub\/bernhard-glatzel\/\" href=\"https:\/\/www.linkedin.com\/pub\/bernhard-glatzel\/\" target=\"_blank\" rel=\"noopener\">LinkedIn<\/a> | <a title=\"https:\/\/www.facebook.com\/bernhard.glatzel\" href=\"https:\/\/www.facebook.com\/bernhard.glatzel\" target=\"_blank\" rel=\"noopener\">Facebook<\/a> | Pinterest | <a title=\"https:\/\/www.researchgate.net\/profile\/Bernhard_Glatzel\" href=\"https:\/\/www.researchgate.net\/profile\/Bernhard_Glatzel\" target=\"_blank\" rel=\"noopener\">Researchgate<\/a> | <a title=\"https:\/\/twitter.com\/b3rn99\" href=\"https:\/\/twitter.com\/b3rn99\" target=\"_blank\" rel=\"noopener\">Twitter<\/a> | <a title=\"b.glatzel\" href=\"http:\/\/skype.com\" target=\"_blank\" rel=\"noopener\">Skype<\/a> | <a title=\"Google+\" href=\"https:\/\/plus.google.com\/+BernhardGlatzel\/posts\" target=\"_blank\" rel=\"noopener\">Google+<\/a><\/li>\n<li><a href=\"mailto:bernhard@glatzel-online.ch\">e-mail<\/a> | mobil: <a href=\"callto:+41 78 920 37 31\">+41 78 920 37 31<\/a><\/li>\n<\/ul>\n<p><img loading=\"lazy\" decoding=\"async\" class=\"alignleft wp-image-153 size-thumbnail\" src=\"http:\/\/glatzel-online.ch\/wp-content\/uploads\/2015\/01\/Pea_2013-150x150.jpg\" alt=\"Pea_2013\" width=\"150\" height=\"150\" srcset=\"https:\/\/glatzel-online.de\/wp-content\/uploads\/2015\/01\/Pea_2013-150x150.jpg 150w, https:\/\/glatzel-online.de\/wp-content\/uploads\/2015\/01\/Pea_2013-300x300.jpg 300w, https:\/\/glatzel-online.de\/wp-content\/uploads\/2015\/01\/Pea_2013-230x230.jpg 230w, https:\/\/glatzel-online.de\/wp-content\/uploads\/2015\/01\/Pea_2013-80x80.jpg 80w, https:\/\/glatzel-online.de\/wp-content\/uploads\/2015\/01\/Pea_2013.jpg 591w\" sizes=\"auto, (max-width: 150px) 100vw, 150px\" \/><strong>Steckbrief Pea<\/strong><\/p>\n<ul>\n<li>Jahrgang 1980<\/li>\n<li>Soziologin Freie Universit\u00e4t Berlin 2009, Marketing und Kommunikationswirtin<\/li>\n<li>User Experience<\/li>\n<li>\n<ul>\n<li>Xing\u00a0|\u00a0LinkedIn\u00a0|\u00a0Facebook\u00a0|\u00a0<a title=\"b.glatzel\" href=\"http:\/\/skype.com\" target=\"_blank\" rel=\"noopener\">Skype<\/a>\u00a0|<\/li>\n<li><a href=\"mailto:pea@glatzel-online.ch\">e-mail<\/a>\u00a0| mobil: +41 79 137 67 08<\/li>\n<\/ul>\n<\/li>\n<\/ul>\n<p><span style=\"color: #000080;\"><em>\u201eJemand hat mir mal gesagt, die Zeit w\u00fcrde uns wie ein Raubtier ein Leben lang verfolgen. Ich m\u00f6chte viel lieber glauben, dass die Zeit unser Gef\u00e4hrte ist, der uns auf unserer Reise begleitet und uns daran erinnert, jeden Moment zu geniessen, denn er wird nicht wiederkommen. Was wir hinterlassen ist nicht so wichtig wie die Art, wie wir gelebt haben. Denn letztlich [\u2026] sind wir alle nur sterblich.\u201c<\/em><\/span><\/p>\n<p><span style=\"color: #000080;\"><a style=\"color: #000080;\" href=\"http:\/\/de.wikipedia.org\/wiki\/Jean-Luc_Picard#Captain_Jean-Luc_Picard\" target=\"_blank\" rel=\"noopener\">Jean-Luc Picard<\/a>, Star Trek<\/span><\/p>\n","protected":false},"excerpt":{"rendered":"<p>Steckbrief Bernhard Jahrgang 1979 Wirtschaftsingenieur (Dipl.-Ing.) Technische Universit\u00e4t Berlin 2013 Diplomarbeit: Schlanke Prinzipien und Methoden im Anlaufmanagement Xing | LinkedIn | Facebook | Pinterest | Researchgate | Twitter | Skype | Google+ e-mail | mobil: +41 78 920 37 31&hellip; <\/p>\n","protected":false},"author":1,"featured_media":0,"parent":0,"menu_order":0,"comment_status":"closed","ping_status":"open","template":"page-template-contact.php","meta":{"footnotes":""},"class_list":["post-18","page","type-page","status-publish","hentry"],"_links":{"self":[{"href":"https:\/\/glatzel-online.de\/index.php?rest_route=\/wp\/v2\/pages\/18","targetHints":{"allow":["GET"]}}],"collection":[{"href":"https:\/\/glatzel-online.de\/index.php?rest_route=\/wp\/v2\/pages"}],"about":[{"href":"https:\/\/glatzel-online.de\/index.php?rest_route=\/wp\/v2\/types\/page"}],"author":[{"embeddable":true,"href":"https:\/\/glatzel-online.de\/index.php?rest_route=\/wp\/v2\/users\/1"}],"replies":[{"embeddable":true,"href":"https:\/\/glatzel-online.de\/index.php?rest_route=%2Fwp%2Fv2%2Fcomments&post=18"}],"version-history":[{"count":18,"href":"https:\/\/glatzel-online.de\/index.php?rest_route=\/wp\/v2\/pages\/18\/revisions"}],"predecessor-version":[{"id":853,"href":"https:\/\/glatzel-online.de\/index.php?rest_route=\/wp\/v2\/pages\/18\/revisions\/853"}],"wp:attachment":[{"href":"https:\/\/glatzel-online.de\/index.php?rest_route=%2Fwp%2Fv2%2Fmedia&parent=18"}],"curies":[{"name":"wp","href":"https:\/\/api.w.org\/{rel}","templated":true}]}}