{"id":241,"date":"2015-02-21T17:44:42","date_gmt":"2015-02-21T17:44:42","guid":{"rendered":"http:\/\/glatzel-online.ch\/?page_id=241"},"modified":"2019-06-30T20:55:32","modified_gmt":"2019-06-30T18:55:32","slug":"lebenslauf-wolf-dieter-glatzel","status":"publish","type":"page","link":"https:\/\/glatzel-online.de\/?page_id=241","title":{"rendered":"Lebenslauf, Ver\u00f6ffentlichungen, Aktivit\u00e4ten"},"content":{"rendered":"<p><a href=\"https:\/\/glatzel-online.de\/wp-content\/uploads\/2015\/02\/Lebenslauf-2002.pdf\">Lebenslauf 2002<\/a><\/p>\n<p>Lebenslauf 2015<\/p>\n<p><a href=\"https:\/\/glatzel-online.de\/wp-content\/uploads\/2015\/02\/EnergieManagementLebenslauf.pdf\">Lebenslauf in der Zeitschrift Energie &amp; Management<\/a><\/p>\n<p><a href=\"https:\/\/glatzel-online.de\/wp-content\/uploads\/2015\/02\/Curriculum-vitae.pdf\">Curriculum vitae<\/a><\/p>\n<p><a href=\"https:\/\/glatzel-online.de\/wp-content\/uploads\/2019\/06\/Ver\u00f6ffentlichungen-WDG.pdf\">Ver\u00f6ffentlichungen, Vortr\u00e4ge, Tagungen, Interviews, Artikel, Lesungen, Aktivit\u00e4ten<\/a><\/p>\n","protected":false},"excerpt":{"rendered":"<p>Lebenslauf 2002 Lebenslauf 2015 Lebenslauf in der Zeitschrift Energie &amp; Management Curriculum vitae Ver\u00f6ffentlichungen, Vortr\u00e4ge, Tagungen, Interviews, Artikel, Lesungen, Aktivit\u00e4ten<\/p>\n","protected":false},"author":4,"featured_media":0,"parent":10,"menu_order":0,"comment_status":"closed","ping_status":"open","template":"","meta":{"footnotes":""},"class_list":["post-241","page","type-page","status-publish","hentry"],"_links":{"self":[{"href":"https:\/\/glatzel-online.de\/index.php?rest_route=\/wp\/v2\/pages\/241","targetHints":{"allow":["GET"]}}],"collection":[{"href":"https:\/\/glatzel-online.de\/index.php?rest_route=\/wp\/v2\/pages"}],"about":[{"href":"https:\/\/glatzel-online.de\/index.php?rest_route=\/wp\/v2\/types\/page"}],"author":[{"embeddable":true,"href":"https:\/\/glatzel-online.de\/index.php?rest_route=\/wp\/v2\/users\/4"}],"replies":[{"embeddable":true,"href":"https:\/\/glatzel-online.de\/index.php?rest_route=%2Fwp%2Fv2%2Fcomments&post=241"}],"version-history":[{"count":11,"href":"https:\/\/glatzel-online.de\/index.php?rest_route=\/wp\/v2\/pages\/241\/revisions"}],"predecessor-version":[{"id":702,"href":"https:\/\/glatzel-online.de\/index.php?rest_route=\/wp\/v2\/pages\/241\/revisions\/702"}],"up":[{"embeddable":true,"href":"https:\/\/glatzel-online.de\/index.php?rest_route=\/wp\/v2\/pages\/10"}],"wp:attachment":[{"href":"https:\/\/glatzel-online.de\/index.php?rest_route=%2Fwp%2Fv2%2Fmedia&parent=241"}],"curies":[{"name":"wp","href":"https:\/\/api.w.org\/{rel}","templated":true}]}}