{"id":466,"date":"2015-03-15T18:56:54","date_gmt":"2015-03-15T18:56:54","guid":{"rendered":"http:\/\/glatzel-online.ch\/?page_id=466"},"modified":"2017-02-14T21:07:20","modified_gmt":"2017-02-14T20:07:20","slug":"70-jahre-kriegsende-und-heute","status":"publish","type":"page","link":"https:\/\/glatzel-online.de\/?page_id=466","title":{"rendered":"70 Jahre Kriegsende  &#8211; und heute?"},"content":{"rendered":"<p>Die Evangelische Kirche gedenkt mit einer Veranstaltungsreihe des Kriegsendes vor 70 Jahren.\u00a0 In der Zeit vom 11. M\u00e4rz bis zum 28. Juni 2015 werden zehn Veranstaltungen in den einzelnen Gemeinden des Kirchenkreises durchgef\u00fchrt, die alle das Ende des 2. Weltkriegs und dessen Folgen zum Thema haben.\u00a0 Die Veranstaltungsreihe will die verschiedenen Aspekte und Schicksale wach halten, die mit dem Ende von Krieg und Nazi-Terror in Deutschland verbunden sind. Zugleich stehen aber auch die aktuellen Kriege und Kriegsgefahren im Blickfeld der Gottesdienste und Veranstaltungen. Ich habe diese Veranstaltungsreihe mit vorbereitet.<\/p>\n<p>\u00dcberblick \u00fcber die Veranstaltungsreihe\u00a0 <a href=\"https:\/\/glatzel-online.de\/wp-content\/uploads\/2015\/02\/Flyer-70-Jahre-Kriegsende-web.pdf\">70 Jahre Kriegsende &#8211; und heute?<\/a><\/p>\n<p>Link: <a href=\"http:\/\/www.teltow-zehlendorf.de\/\">http:\/\/www.teltow-zehlendorf.de\/<br \/>\n<\/a><br \/>\n1. &#8222;Krieg ist schrecklich, mein Kind!&#8220;\u00a0 Zeitzeugen im Gespr\u00e4ch mit Jugendlichen und Konfirmanden &#8211; Zehlendorfer erinnern sich an 1945. 11. M\u00e4rz, Kirche Zur Heimat &#8211; ca. 100 Teilnehmer.<\/p>\n<p><a href=\"http:\/\/glatzel-online.ch\/wp-content\/uploads\/2015\/03\/P1100467_Bildgr\u00f6\u00dfe-\u00e4ndern.jpg\"><img loading=\"lazy\" decoding=\"async\" class=\"alignnone size-medium wp-image-476\" src=\"http:\/\/glatzel-online.ch\/wp-content\/uploads\/2015\/03\/P1100467_Bildgr\u00f6\u00dfe-\u00e4ndern-300x225.jpg\" alt=\"P1100467_Bildgr\u00f6\u00dfe \u00e4ndern\" width=\"300\" height=\"225\" srcset=\"https:\/\/glatzel-online.de\/wp-content\/uploads\/2015\/03\/P1100467_Bildgr\u00f6\u00dfe-\u00e4ndern-300x225.jpg 300w, https:\/\/glatzel-online.de\/wp-content\/uploads\/2015\/03\/P1100467_Bildgr\u00f6\u00dfe-\u00e4ndern-1024x768.jpg 1024w, https:\/\/glatzel-online.de\/wp-content\/uploads\/2015\/03\/P1100467_Bildgr\u00f6\u00dfe-\u00e4ndern.jpg 2000w\" sizes=\"auto, (max-width: 300px) 100vw, 300px\" \/><\/a> <a href=\"http:\/\/glatzel-online.ch\/wp-content\/uploads\/2015\/03\/P1100464_Bildgr\u00f6\u00dfe-\u00e4ndern.jpg\"><img loading=\"lazy\" decoding=\"async\" class=\"alignnone size-medium wp-image-475\" src=\"http:\/\/glatzel-online.ch\/wp-content\/uploads\/2015\/03\/P1100464_Bildgr\u00f6\u00dfe-\u00e4ndern-300x225.jpg\" alt=\"P1100464_Bildgr\u00f6\u00dfe \u00e4ndern\" width=\"300\" height=\"225\" srcset=\"https:\/\/glatzel-online.de\/wp-content\/uploads\/2015\/03\/P1100464_Bildgr\u00f6\u00dfe-\u00e4ndern-300x225.jpg 300w, https:\/\/glatzel-online.de\/wp-content\/uploads\/2015\/03\/P1100464_Bildgr\u00f6\u00dfe-\u00e4ndern-1024x768.jpg 1024w, https:\/\/glatzel-online.de\/wp-content\/uploads\/2015\/03\/P1100464_Bildgr\u00f6\u00dfe-\u00e4ndern.jpg 2000w\" sizes=\"auto, (max-width: 300px) 100vw, 300px\" \/><\/a> <a href=\"http:\/\/glatzel-online.ch\/wp-content\/uploads\/2015\/03\/P1100433_Bildgr\u00f6\u00dfe-\u00e4ndern.jpg\"><img loading=\"lazy\" decoding=\"async\" class=\"alignnone size-medium wp-image-474\" src=\"http:\/\/glatzel-online.ch\/wp-content\/uploads\/2015\/03\/P1100433_Bildgr\u00f6\u00dfe-\u00e4ndern-300x225.jpg\" alt=\"P1100433_Bildgr\u00f6\u00dfe \u00e4ndern\" width=\"300\" height=\"225\" srcset=\"https:\/\/glatzel-online.de\/wp-content\/uploads\/2015\/03\/P1100433_Bildgr\u00f6\u00dfe-\u00e4ndern-300x225.jpg 300w, https:\/\/glatzel-online.de\/wp-content\/uploads\/2015\/03\/P1100433_Bildgr\u00f6\u00dfe-\u00e4ndern-1024x768.jpg 1024w, https:\/\/glatzel-online.de\/wp-content\/uploads\/2015\/03\/P1100433_Bildgr\u00f6\u00dfe-\u00e4ndern.jpg 2000w\" sizes=\"auto, (max-width: 300px) 100vw, 300px\" \/><\/a> <a href=\"http:\/\/glatzel-online.ch\/wp-content\/uploads\/2015\/03\/P1100427_Bildgr\u00f6\u00dfe-\u00e4ndern.jpg\"><img loading=\"lazy\" decoding=\"async\" class=\"alignnone size-medium wp-image-473\" src=\"http:\/\/glatzel-online.ch\/wp-content\/uploads\/2015\/03\/P1100427_Bildgr\u00f6\u00dfe-\u00e4ndern-300x225.jpg\" alt=\"P1100427_Bildgr\u00f6\u00dfe \u00e4ndern\" width=\"300\" height=\"225\" srcset=\"https:\/\/glatzel-online.de\/wp-content\/uploads\/2015\/03\/P1100427_Bildgr\u00f6\u00dfe-\u00e4ndern-300x225.jpg 300w, https:\/\/glatzel-online.de\/wp-content\/uploads\/2015\/03\/P1100427_Bildgr\u00f6\u00dfe-\u00e4ndern-1024x768.jpg 1024w, https:\/\/glatzel-online.de\/wp-content\/uploads\/2015\/03\/P1100427_Bildgr\u00f6\u00dfe-\u00e4ndern.jpg 2000w\" sizes=\"auto, (max-width: 300px) 100vw, 300px\" \/><\/a> <a href=\"http:\/\/glatzel-online.ch\/wp-content\/uploads\/2015\/03\/P1100420_Bildgr\u00f6\u00dfe-\u00e4ndern.jpg\"><img loading=\"lazy\" decoding=\"async\" class=\"alignnone size-medium wp-image-472\" src=\"http:\/\/glatzel-online.ch\/wp-content\/uploads\/2015\/03\/P1100420_Bildgr\u00f6\u00dfe-\u00e4ndern-300x225.jpg\" alt=\"P1100420_Bildgr\u00f6\u00dfe \u00e4ndern\" width=\"300\" height=\"225\" srcset=\"https:\/\/glatzel-online.de\/wp-content\/uploads\/2015\/03\/P1100420_Bildgr\u00f6\u00dfe-\u00e4ndern-300x225.jpg 300w, https:\/\/glatzel-online.de\/wp-content\/uploads\/2015\/03\/P1100420_Bildgr\u00f6\u00dfe-\u00e4ndern-1024x768.jpg 1024w, https:\/\/glatzel-online.de\/wp-content\/uploads\/2015\/03\/P1100420_Bildgr\u00f6\u00dfe-\u00e4ndern.jpg 1932w\" sizes=\"auto, (max-width: 300px) 100vw, 300px\" \/><\/a> <a href=\"http:\/\/glatzel-online.ch\/wp-content\/uploads\/2015\/03\/P1100398_Bildgr\u00f6\u00dfe-\u00e4ndern.jpg\"><img loading=\"lazy\" decoding=\"async\" class=\"alignnone size-medium wp-image-471\" src=\"http:\/\/glatzel-online.ch\/wp-content\/uploads\/2015\/03\/P1100398_Bildgr\u00f6\u00dfe-\u00e4ndern-300x225.jpg\" alt=\"P1100398_Bildgr\u00f6\u00dfe \u00e4ndern\" width=\"300\" height=\"225\" srcset=\"https:\/\/glatzel-online.de\/wp-content\/uploads\/2015\/03\/P1100398_Bildgr\u00f6\u00dfe-\u00e4ndern-300x225.jpg 300w, https:\/\/glatzel-online.de\/wp-content\/uploads\/2015\/03\/P1100398_Bildgr\u00f6\u00dfe-\u00e4ndern-1024x768.jpg 1024w, https:\/\/glatzel-online.de\/wp-content\/uploads\/2015\/03\/P1100398_Bildgr\u00f6\u00dfe-\u00e4ndern.jpg 2000w\" sizes=\"auto, (max-width: 300px) 100vw, 300px\" \/><\/a> <a href=\"http:\/\/glatzel-online.ch\/wp-content\/uploads\/2015\/03\/P1100397_Bildgr\u00f6\u00dfe-\u00e4ndern.jpg\"><img loading=\"lazy\" decoding=\"async\" class=\"alignnone size-medium wp-image-470\" src=\"http:\/\/glatzel-online.ch\/wp-content\/uploads\/2015\/03\/P1100397_Bildgr\u00f6\u00dfe-\u00e4ndern-217x300.jpg\" alt=\"P1100397_Bildgr\u00f6\u00dfe \u00e4ndern\" width=\"217\" height=\"300\" srcset=\"https:\/\/glatzel-online.de\/wp-content\/uploads\/2015\/03\/P1100397_Bildgr\u00f6\u00dfe-\u00e4ndern-217x300.jpg 217w, https:\/\/glatzel-online.de\/wp-content\/uploads\/2015\/03\/P1100397_Bildgr\u00f6\u00dfe-\u00e4ndern-741x1024.jpg 741w, https:\/\/glatzel-online.de\/wp-content\/uploads\/2015\/03\/P1100397_Bildgr\u00f6\u00dfe-\u00e4ndern.jpg 1118w\" sizes=\"auto, (max-width: 217px) 100vw, 217px\" \/><\/a><\/p>\n<p>2. &#8222;Jeder hasst hier irgendeinen &#8230;.&#8220;, Gottesdienst mit Kindermusical \u00fcber die Geschichte von K\u00f6nig David:\u00a0 Wie kann Frieden gelingen?\u00a0 Reges Interesse, 208 Teilnehmer.\u00a0 Dank den schauspielenden und singenden Kindern, allen Helfern und insbesondere der Leiterin Andrea Eckhardt, die das Musical mit Herzblut inszeniert hat!\u00a0 Unser 3j\u00e4hriger Enkel Julian fragte zwar &#8222;Wo bleibt denn der Esel?&#8220;, aber sein gro\u00dfer Bruder Hannes konnte ihn aufkl\u00e4ren.\u00a0 Aus dem anschlie\u00dfenden langen Gespr\u00e4ch zwischen Hannes und Julia konnte sie sehen, dass die Botschaft des Musicals schon angekommen ist.<\/p>\n<p><a href=\"http:\/\/glatzel-online.ch\/wp-content\/uploads\/2015\/03\/201503015David-00619_Bildgr\u00f6\u00dfe-\u00e4ndern.jpg\"><img loading=\"lazy\" decoding=\"async\" class=\"alignnone size-medium wp-image-506\" src=\"http:\/\/glatzel-online.ch\/wp-content\/uploads\/2015\/03\/201503015David-00619_Bildgr\u00f6\u00dfe-\u00e4ndern-300x200.jpg\" alt=\"201503015David-00619_Bildgr\u00f6\u00dfe \u00e4ndern\" width=\"300\" height=\"200\" srcset=\"https:\/\/glatzel-online.de\/wp-content\/uploads\/2015\/03\/201503015David-00619_Bildgr\u00f6\u00dfe-\u00e4ndern-300x200.jpg 300w, https:\/\/glatzel-online.de\/wp-content\/uploads\/2015\/03\/201503015David-00619_Bildgr\u00f6\u00dfe-\u00e4ndern-1024x683.jpg 1024w, https:\/\/glatzel-online.de\/wp-content\/uploads\/2015\/03\/201503015David-00619_Bildgr\u00f6\u00dfe-\u00e4ndern.jpg 1200w\" sizes=\"auto, (max-width: 300px) 100vw, 300px\" \/><\/a> <a href=\"http:\/\/glatzel-online.ch\/wp-content\/uploads\/2015\/03\/201503015David-00611_Bildgr\u00f6\u00dfe-\u00e4ndern.jpg\"><img loading=\"lazy\" decoding=\"async\" class=\"alignnone size-medium wp-image-505\" src=\"http:\/\/glatzel-online.ch\/wp-content\/uploads\/2015\/03\/201503015David-00611_Bildgr\u00f6\u00dfe-\u00e4ndern-300x200.jpg\" alt=\"201503015David-00611_Bildgr\u00f6\u00dfe \u00e4ndern\" width=\"300\" height=\"200\" srcset=\"https:\/\/glatzel-online.de\/wp-content\/uploads\/2015\/03\/201503015David-00611_Bildgr\u00f6\u00dfe-\u00e4ndern-300x200.jpg 300w, https:\/\/glatzel-online.de\/wp-content\/uploads\/2015\/03\/201503015David-00611_Bildgr\u00f6\u00dfe-\u00e4ndern-1024x683.jpg 1024w, https:\/\/glatzel-online.de\/wp-content\/uploads\/2015\/03\/201503015David-00611_Bildgr\u00f6\u00dfe-\u00e4ndern.jpg 1200w\" sizes=\"auto, (max-width: 300px) 100vw, 300px\" \/><\/a> <a href=\"http:\/\/glatzel-online.ch\/wp-content\/uploads\/2015\/03\/201503015David-00602_Bildgr\u00f6\u00dfe-\u00e4ndern.jpg\"><img loading=\"lazy\" decoding=\"async\" class=\"alignnone size-medium wp-image-504\" src=\"http:\/\/glatzel-online.ch\/wp-content\/uploads\/2015\/03\/201503015David-00602_Bildgr\u00f6\u00dfe-\u00e4ndern-300x200.jpg\" alt=\"201503015David-00602_Bildgr\u00f6\u00dfe \u00e4ndern\" width=\"300\" height=\"200\" srcset=\"https:\/\/glatzel-online.de\/wp-content\/uploads\/2015\/03\/201503015David-00602_Bildgr\u00f6\u00dfe-\u00e4ndern-300x200.jpg 300w, https:\/\/glatzel-online.de\/wp-content\/uploads\/2015\/03\/201503015David-00602_Bildgr\u00f6\u00dfe-\u00e4ndern-1024x683.jpg 1024w, https:\/\/glatzel-online.de\/wp-content\/uploads\/2015\/03\/201503015David-00602_Bildgr\u00f6\u00dfe-\u00e4ndern.jpg 1200w\" sizes=\"auto, (max-width: 300px) 100vw, 300px\" \/><\/a> <a href=\"http:\/\/glatzel-online.ch\/wp-content\/uploads\/2015\/03\/201503015David-00579_Bildgr\u00f6\u00dfe-\u00e4ndern.jpg\"><img loading=\"lazy\" decoding=\"async\" class=\"alignnone size-medium wp-image-503\" src=\"http:\/\/glatzel-online.ch\/wp-content\/uploads\/2015\/03\/201503015David-00579_Bildgr\u00f6\u00dfe-\u00e4ndern-300x200.jpg\" alt=\"201503015David-00579_Bildgr\u00f6\u00dfe \u00e4ndern\" width=\"300\" height=\"200\" srcset=\"https:\/\/glatzel-online.de\/wp-content\/uploads\/2015\/03\/201503015David-00579_Bildgr\u00f6\u00dfe-\u00e4ndern-300x200.jpg 300w, https:\/\/glatzel-online.de\/wp-content\/uploads\/2015\/03\/201503015David-00579_Bildgr\u00f6\u00dfe-\u00e4ndern-1024x683.jpg 1024w, https:\/\/glatzel-online.de\/wp-content\/uploads\/2015\/03\/201503015David-00579_Bildgr\u00f6\u00dfe-\u00e4ndern.jpg 1200w\" sizes=\"auto, (max-width: 300px) 100vw, 300px\" \/><\/a> <a href=\"http:\/\/glatzel-online.ch\/wp-content\/uploads\/2015\/03\/201503015David-00575_Bildgr\u00f6\u00dfe-\u00e4ndern.jpg\"><img loading=\"lazy\" decoding=\"async\" class=\"alignnone size-medium wp-image-502\" src=\"http:\/\/glatzel-online.ch\/wp-content\/uploads\/2015\/03\/201503015David-00575_Bildgr\u00f6\u00dfe-\u00e4ndern-300x200.jpg\" alt=\"201503015David-00575_Bildgr\u00f6\u00dfe \u00e4ndern\" width=\"300\" height=\"200\" srcset=\"https:\/\/glatzel-online.de\/wp-content\/uploads\/2015\/03\/201503015David-00575_Bildgr\u00f6\u00dfe-\u00e4ndern-300x200.jpg 300w, https:\/\/glatzel-online.de\/wp-content\/uploads\/2015\/03\/201503015David-00575_Bildgr\u00f6\u00dfe-\u00e4ndern-1024x683.jpg 1024w, https:\/\/glatzel-online.de\/wp-content\/uploads\/2015\/03\/201503015David-00575_Bildgr\u00f6\u00dfe-\u00e4ndern.jpg 1200w\" sizes=\"auto, (max-width: 300px) 100vw, 300px\" \/><\/a><\/p>\n<p>&nbsp;<\/p>\n<p>&nbsp;<\/p>\n<p>&nbsp;<\/p>\n","protected":false},"excerpt":{"rendered":"<p>Die Evangelische Kirche gedenkt mit einer Veranstaltungsreihe des Kriegsendes vor 70 Jahren.\u00a0 In der Zeit vom 11. M\u00e4rz bis zum 28. Juni 2015 werden zehn Veranstaltungen in den einzelnen Gemeinden des Kirchenkreises durchgef\u00fchrt, die alle das Ende des 2. Weltkriegs&hellip; <\/p>\n","protected":false},"author":4,"featured_media":0,"parent":10,"menu_order":0,"comment_status":"closed","ping_status":"open","template":"","meta":{"footnotes":""},"class_list":["post-466","page","type-page","status-publish","hentry"],"_links":{"self":[{"href":"https:\/\/glatzel-online.de\/index.php?rest_route=\/wp\/v2\/pages\/466","targetHints":{"allow":["GET"]}}],"collection":[{"href":"https:\/\/glatzel-online.de\/index.php?rest_route=\/wp\/v2\/pages"}],"about":[{"href":"https:\/\/glatzel-online.de\/index.php?rest_route=\/wp\/v2\/types\/page"}],"author":[{"embeddable":true,"href":"https:\/\/glatzel-online.de\/index.php?rest_route=\/wp\/v2\/users\/4"}],"replies":[{"embeddable":true,"href":"https:\/\/glatzel-online.de\/index.php?rest_route=%2Fwp%2Fv2%2Fcomments&post=466"}],"version-history":[{"count":12,"href":"https:\/\/glatzel-online.de\/index.php?rest_route=\/wp\/v2\/pages\/466\/revisions"}],"predecessor-version":[{"id":655,"href":"https:\/\/glatzel-online.de\/index.php?rest_route=\/wp\/v2\/pages\/466\/revisions\/655"}],"up":[{"embeddable":true,"href":"https:\/\/glatzel-online.de\/index.php?rest_route=\/wp\/v2\/pages\/10"}],"wp:attachment":[{"href":"https:\/\/glatzel-online.de\/index.php?rest_route=%2Fwp%2Fv2%2Fmedia&parent=466"}],"curies":[{"name":"wp","href":"https:\/\/api.w.org\/{rel}","templated":true}]}}