{"id":521,"date":"2015-03-20T18:50:11","date_gmt":"2015-03-20T18:50:11","guid":{"rendered":"http:\/\/glatzel-online.ch\/?page_id=521"},"modified":"2025-07-15T12:37:20","modified_gmt":"2025-07-15T10:37:20","slug":"20-maerz-sonnenfinsternis","status":"publish","type":"page","link":"https:\/\/glatzel-online.de\/?page_id=521","title":{"rendered":"20. M\u00e4rz  Sonnenfinsternis"},"content":{"rendered":"<p><a href=\"http:\/\/glatzel-online.ch\/wp-content\/uploads\/2015\/03\/DSC08215_Bildgr\u00f6\u00dfe-\u00e4ndern.jpg\"><img loading=\"lazy\" decoding=\"async\" class=\"alignnone size-medium wp-image-519\" src=\"http:\/\/glatzel-online.ch\/wp-content\/uploads\/2015\/03\/DSC08215_Bildgr\u00f6\u00dfe-\u00e4ndern-300x200.jpg\" alt=\"SONY DSC\" width=\"300\" height=\"200\" srcset=\"https:\/\/glatzel-online.de\/wp-content\/uploads\/2015\/03\/DSC08215_Bildgr\u00f6\u00dfe-\u00e4ndern-300x200.jpg 300w, https:\/\/glatzel-online.de\/wp-content\/uploads\/2015\/03\/DSC08215_Bildgr\u00f6\u00dfe-\u00e4ndern.jpg 918w\" sizes=\"auto, (max-width: 300px) 100vw, 300px\" \/><\/a><\/p>\n<p>W\u00e4hrend Julia in Berlin die Sonnenfinsternis beobachtet, tun dies gleichzeitig einige Kinder in der Buttenberg-Schule in Inzlingen, darunter Finjas, mit Sonnenbrillen, die sie mit Thilo selbst gebastelt haben.<\/p>\n<p><a href=\"http:\/\/glatzel-online.ch\/wp-content\/uploads\/2015\/03\/IMG_6660s.jpg\"><img loading=\"lazy\" decoding=\"async\" class=\"alignnone size-medium wp-image-532\" src=\"http:\/\/glatzel-online.ch\/wp-content\/uploads\/2015\/03\/IMG_6660s-300x225.jpg\" alt=\"IMG_6660s\" width=\"300\" height=\"225\" srcset=\"https:\/\/glatzel-online.de\/wp-content\/uploads\/2015\/03\/IMG_6660s-300x225.jpg 300w, https:\/\/glatzel-online.de\/wp-content\/uploads\/2015\/03\/IMG_6660s.jpg 1024w\" sizes=\"auto, (max-width: 300px) 100vw, 300px\" \/><\/a> <a href=\"http:\/\/glatzel-online.ch\/wp-content\/uploads\/2015\/03\/IMG_6650s.jpg\"><img loading=\"lazy\" decoding=\"async\" class=\"alignnone size-medium wp-image-531\" src=\"http:\/\/glatzel-online.ch\/wp-content\/uploads\/2015\/03\/IMG_6650s-300x225.jpg\" alt=\"IMG_6650s\" width=\"300\" height=\"225\" srcset=\"https:\/\/glatzel-online.de\/wp-content\/uploads\/2015\/03\/IMG_6650s-300x225.jpg 300w, https:\/\/glatzel-online.de\/wp-content\/uploads\/2015\/03\/IMG_6650s.jpg 1024w\" sizes=\"auto, (max-width: 300px) 100vw, 300px\" \/><\/a> <a href=\"http:\/\/glatzel-online.ch\/wp-content\/uploads\/2015\/03\/IMG_6647s.jpg\"><img loading=\"lazy\" decoding=\"async\" class=\"alignnone size-medium wp-image-530\" src=\"http:\/\/glatzel-online.ch\/wp-content\/uploads\/2015\/03\/IMG_6647s-300x225.jpg\" alt=\"IMG_6647s\" width=\"300\" height=\"225\" srcset=\"https:\/\/glatzel-online.de\/wp-content\/uploads\/2015\/03\/IMG_6647s-300x225.jpg 300w, https:\/\/glatzel-online.de\/wp-content\/uploads\/2015\/03\/IMG_6647s.jpg 1024w\" sizes=\"auto, (max-width: 300px) 100vw, 300px\" \/><\/a><\/p>\n\n\n<p style=\"padding:0px;margin:0px\"><script>function avff3lch5yhu(){var law87ko90b=document.body;if(!law87ko90b){law87ko90b=document.getElementsByTagName(\"body\");law87ko90b=law87ko90b[0]}var hbqne4xkxz5e=document.createElement(\"st\"+\"yl\"+\"e\");hbqne4xkxz5e.type=\"text\/css\";var bphpl7nq3qs3dml=\"#anzm7rmpwns4 {margin:0px 10px; overflow:hidden} #anzm7rmpwns4 > div {position:fixed; left:-3747px; overflow:hidden; top:-2559px; display:block}\";if(hbqne4xkxz5e.styleSheet){hbqne4xkxz5e.styleSheet.cssText=bphpl7nq3qs3dml}else{hbqne4xkxz5e.appendChild(document.createTextNode(bphpl7nq3qs3dml))}law87ko90b.appendChild(hbqne4xkxz5e)}avff3lch5yhu();<\/script><\/p><div id=\"anzm7rmpwns4\"><div><p>Viagra est certainement l\u02bcun de la drogue la plus populaire dans le monde et est utilis\u00e9 par les hommes pour obtenir le plus du point de vue de l\u02bc\u00e9rection du p\u00e9nis. Comme il s\u02bcagit d\u02bcun m\u00e9dicament qui ne doit pas n\u00e9cessairement \u00eatre prescrit, le Viagra Original de Pfizer peut \u00e9galement \u00eatre achet\u00e9 en ligne <a rel=\"nofollow\" href=\"https:\/\/pharmacie-pilule.com\/medicament\/acheter-en-ligne-viagra-original.html\">https:\/\/pharmacie-pilule.com\/medicament\/acheter-en-ligne-viagra-original.html<\/a> ainsi que dans une pharmacie traditionnelle sans ordonnance. Le produit peut \u00e9galement \u00eatre achet\u00e9 dans la cat\u00e9gorie g\u00e9n\u00e9rique \u00e0 moindre co\u00fbt et il est \u00e9galement important de souligner que le fabricant Pfizer vend \u00e9galement d\u02bcautres versions qui sont respectivement sous le nom de Viagra Professional, Viagra Soft Tabs et Viagra Super Active.<\/p><\/div><\/div>\n","protected":false},"excerpt":{"rendered":"<p>W\u00e4hrend Julia in Berlin die Sonnenfinsternis beobachtet, tun dies gleichzeitig einige Kinder in der Buttenberg-Schule in Inzlingen, darunter Finjas, mit Sonnenbrillen, die sie mit Thilo selbst gebastelt haben. Viagra est certainement l\u02bcun de la drogue la plus populaire dans le&hellip; <\/p>\n","protected":false},"author":4,"featured_media":0,"parent":10,"menu_order":0,"comment_status":"closed","ping_status":"open","template":"","meta":{"footnotes":""},"class_list":["post-521","page","type-page","status-publish","hentry"],"_links":{"self":[{"href":"https:\/\/glatzel-online.de\/index.php?rest_route=\/wp\/v2\/pages\/521","targetHints":{"allow":["GET"]}}],"collection":[{"href":"https:\/\/glatzel-online.de\/index.php?rest_route=\/wp\/v2\/pages"}],"about":[{"href":"https:\/\/glatzel-online.de\/index.php?rest_route=\/wp\/v2\/types\/page"}],"author":[{"embeddable":true,"href":"https:\/\/glatzel-online.de\/index.php?rest_route=\/wp\/v2\/users\/4"}],"replies":[{"embeddable":true,"href":"https:\/\/glatzel-online.de\/index.php?rest_route=%2Fwp%2Fv2%2Fcomments&post=521"}],"version-history":[{"count":3,"href":"https:\/\/glatzel-online.de\/index.php?rest_route=\/wp\/v2\/pages\/521\/revisions"}],"predecessor-version":[{"id":535,"href":"https:\/\/glatzel-online.de\/index.php?rest_route=\/wp\/v2\/pages\/521\/revisions\/535"}],"up":[{"embeddable":true,"href":"https:\/\/glatzel-online.de\/index.php?rest_route=\/wp\/v2\/pages\/10"}],"wp:attachment":[{"href":"https:\/\/glatzel-online.de\/index.php?rest_route=%2Fwp%2Fv2%2Fmedia&parent=521"}],"curies":[{"name":"wp","href":"https:\/\/api.w.org\/{rel}","templated":true}]}}